{"id":5800,"date":"2015-11-29T03:05:41","date_gmt":"2015-11-29T03:05:41","guid":{"rendered":"http:\/\/dev.theme-junkie.com\/saha\/?page_id=5800"},"modified":"2017-01-03T17:44:21","modified_gmt":"2017-01-03T17:44:21","slug":"quienes-somos","status":"publish","type":"page","link":"http:\/\/www.fboixados.com.ar\/web\/quienes-somos\/","title":{"rendered":"Qui\u00e9nes somos"},"content":{"rendered":"<div id=\"pl-5800\"  class=\"panel-layout\" ><div id=\"pg-5800-0\"  class=\"panel-grid panel-has-style\" ><div class=\"panel-row-style panel-row-style-for-5800-0\" ><div id=\"pgc-5800-0-0\"  class=\"panel-grid-cell\" ><div id=\"panel-5800-0-0-0\" class=\"so-panel widget widget_sow-editor panel-first-child panel-last-child\" data-index=\"0\" ><div\n\t\t\t\n\t\t\tclass=\"so-widget-sow-editor so-widget-sow-editor-base\"\n\t\t\t\n\t\t>\n<div class=\"siteorigin-widget-tinymce textwidget\">\n\t<h1 style=\"font-size: 48px; color: #fff; margin-top: 0; font-weight: bold; text-align: center;\">QUIENES SOMOS<\/h1>\n<hr style=\"width: 100px; height: 3px; margin: 20px auto; background: #fff;\" \/>\n<p style=\"color: #fff; text-align: center; margin: 0;\">Especialistas en productos de papel, bazar y alimentos.<\/p>\n<\/div>\n<\/div><\/div><\/div><\/div><\/div><div id=\"pg-5800-1\"  class=\"panel-grid panel-no-style\" ><div id=\"pgc-5800-1-0\"  class=\"panel-grid-cell\" ><div id=\"panel-5800-1-0-0\" class=\"so-panel widget widget_sow-image panel-first-child panel-last-child\" data-index=\"1\" ><div\n\t\t\t\n\t\t\tclass=\"so-widget-sow-image so-widget-sow-image-default-8b5b6f678277-5800\"\n\t\t\t\n\t\t>\n<div class=\"sow-image-container\">\n\t\t<img \n\tsrc=\"http:\/\/www.fboixados.com.ar\/web\/wp-content\/uploads\/2015\/11\/quienes2.jpg\" width=\"575\" height=\"323\" sizes=\"(max-width: 575px) 100vw, 575px\" alt=\"Woman tablet\" \t\tclass=\"so-widget-image\"\/>\n\t<\/div>\n\n<\/div><\/div><\/div><div id=\"pgc-5800-1-1\"  class=\"panel-grid-cell\" ><div id=\"panel-5800-1-1-0\" class=\"so-panel widget widget_text panel-first-child panel-last-child\" data-index=\"2\" >\t\t\t<div class=\"textwidget\"><h1 style=\"font-size: 30px; margin: 0 0 30px;\">Nuestra historia<\/h1>\n\n<p>Desde 1917 desarrollamos excelentes relaciones comerciales con nuestros Proveedores y Clientes basados en el compromiso de generar Buenos Negocios.\n\nSomos especialistas en la Distribuci\u00f3n de Mercader\u00edas y Representaci\u00f3n Comercial de diferentes empresas en la provincia de C\u00f3rdoba y Zona Centro y Cuyo del Pa\u00eds.<\/p>\n<p>\nEl nivel de inversi\u00f3n realizado durante todos nuestros a\u00f1os de trabajo en Infraestructura, Procesos Internos,  Sistema de Informaci\u00f3n  y  Formaci\u00f3n  de nuestro personal nos permiten cumplir nuestros compromisos de manera eficiente y segura.<\/p>\n\n<p>La Integridad, el Respeto por las Personas y la Calidad de Servicio al Cliente nos caracterizan.\n\nLa confianza de nuestros clientes y de nuestros proveedores garantiza nuestro crecimiento para seguir brindando soluciones reales de negocios. <\/p><\/div>\n\t\t<\/div><\/div><\/div><\/div>","protected":false},"excerpt":{"rendered":"<p>QUIENES SOMOS Especialistas en productos de papel, bazar y alimentos. Nuestra historia Desde 1917 desarrollamos excelentes relaciones comerciales con nuestros Proveedores y Clientes basados en el compromiso de generar Buenos Negocios. Somos especialistas en la Distribuci\u00f3n de Mercader\u00edas y Representaci\u00f3n Comercial de diferentes empresas en la provincia de C\u00f3rdoba y Zona Centro y Cuyo del&hellip;<\/p>\n","protected":false},"author":1,"featured_media":0,"parent":0,"menu_order":0,"comment_status":"closed","ping_status":"closed","template":"","meta":{"footnotes":""},"class_list":["entry","author-admin","post-5800","page","type-page","status-publish","no-post-thumbnail"],"_links":{"self":[{"href":"http:\/\/www.fboixados.com.ar\/web\/wp-json\/wp\/v2\/pages\/5800","targetHints":{"allow":["GET"]}}],"collection":[{"href":"http:\/\/www.fboixados.com.ar\/web\/wp-json\/wp\/v2\/pages"}],"about":[{"href":"http:\/\/www.fboixados.com.ar\/web\/wp-json\/wp\/v2\/types\/page"}],"author":[{"embeddable":true,"href":"http:\/\/www.fboixados.com.ar\/web\/wp-json\/wp\/v2\/users\/1"}],"replies":[{"embeddable":true,"href":"http:\/\/www.fboixados.com.ar\/web\/wp-json\/wp\/v2\/comments?post=5800"}],"version-history":[{"count":6,"href":"http:\/\/www.fboixados.com.ar\/web\/wp-json\/wp\/v2\/pages\/5800\/revisions"}],"predecessor-version":[{"id":7924,"href":"http:\/\/www.fboixados.com.ar\/web\/wp-json\/wp\/v2\/pages\/5800\/revisions\/7924"}],"wp:attachment":[{"href":"http:\/\/www.fboixados.com.ar\/web\/wp-json\/wp\/v2\/media?parent=5800"}],"curies":[{"name":"wp","href":"https:\/\/api.w.org\/{rel}","templated":true}]}}