{"id":5852,"date":"2015-11-29T21:51:37","date_gmt":"2015-11-29T21:51:37","guid":{"rendered":"http:\/\/dev.theme-junkie.com\/saha\/?page_id=5852"},"modified":"2016-10-12T02:33:09","modified_gmt":"2016-10-12T02:33:09","slug":"logistica-transporte","status":"publish","type":"page","link":"http:\/\/www.fboixados.com.ar\/web\/logistica-transporte\/","title":{"rendered":"Log\u00edstica y Transporte"},"content":{"rendered":"<div id=\"pl-5852\"  class=\"panel-layout\" ><div id=\"pg-5852-0\"  class=\"panel-grid panel-has-style\" ><div class=\"so-parallax siteorigin-panels-stretch panel-row-style panel-row-style-for-5852-0\" data-stretch-type=\"full\" ><img fetchpriority=\"high\" decoding=\"async\" width=\"1600\" height=\"900\" src=\"http:\/\/www.fboixados.com.ar\/web\/wp-content\/uploads\/2015\/11\/title-image-1.png\" class=\"attachment-full size-full\" alt=\"\" data-siteorigin-parallax=\"true\" loading=\"eager\" srcset=\"http:\/\/www.fboixados.com.ar\/web\/wp-content\/uploads\/2015\/11\/title-image-1.png 1600w, http:\/\/www.fboixados.com.ar\/web\/wp-content\/uploads\/2015\/11\/title-image-1-768x432.png 768w\" sizes=\"(max-width: 1600px) 100vw, 1600px\" itemprop=\"image\" \/><div id=\"pgc-5852-0-0\"  class=\"panel-grid-cell panel-grid-cell-mobile-last\" ><div id=\"panel-5852-0-0-0\" class=\"so-panel widget widget_sow-editor panel-first-child panel-last-child\" data-index=\"0\" ><div\n\t\t\t\n\t\t\tclass=\"so-widget-sow-editor so-widget-sow-editor-base\"\n\t\t\t\n\t\t>\n<div class=\"siteorigin-widget-tinymce textwidget\">\n\t<h2 style=\"font-size: 36px; color: #ffffff;\">Nuestra estrategia, se ha convertido en una obsesi\u00f3n por siempre...\"llegar a tiempo\"...<\/h2>\n<\/div>\n<\/div><\/div><\/div><div id=\"pgc-5852-0-1\"  class=\"panel-grid-cell panel-grid-cell-empty\" ><\/div><\/div><\/div><div id=\"pg-5852-1\"  class=\"panel-grid panel-has-style\" ><div class=\"panel-row-style panel-row-style-for-5852-1\" ><div id=\"pgc-5852-1-0\"  class=\"panel-grid-cell\" ><div id=\"panel-5852-1-0-0\" class=\"so-panel widget widget_sow-editor panel-first-child panel-last-child\" data-index=\"1\" ><div\n\t\t\t\n\t\t\tclass=\"so-widget-sow-editor so-widget-sow-editor-base\"\n\t\t\t\n\t\t>\n<div class=\"siteorigin-widget-tinymce textwidget\">\n\t<p>Es nuestro objetivo que tanto los procesos de planificaci\u00f3n como los de implementaci\u00f3n y control, est\u00e9n dise\u00f1ados para ser eficientes y econ\u00f3micos en el flujo y almacenaje de productos. Para ello contamos con informaci\u00f3n \"on line\" en lugar de origen y hasta la g\u00f3ndola del cliente con el prop\u00f3sito de conformar las exigencias del mismo.<\/p>\n<h3><strong>SERVICIOS COMERCIALES<\/strong><\/h3>\n<p>Contamos con operadores profesionales con capacidad negociadora para atender a todo tipo de clientes en la provincia de C\u00f3rdoba y provincias lim\u00edtrofes.<\/p>\n<p>\u2022 Ventas \/ Estad\u00edsticas<br \/>\n\u2022 Promotores y Repositores<br \/>\n\u2022 Facturaci\u00f3n y Cobranzas<br \/>\n\u2022 Personal capacitado para el manejo de sistemas<\/p>\n<h3><strong class=\"subtitulos\">SERVICIOS LOGISTICOS<\/strong><\/h3>\n<p>Operamos en nuestro centro de distribuci\u00f3n dando respuesta de los procedimientos en forma integral.<\/p>\n<p>\u2022 Almacenaje, acondicionamiento de los productos.<br \/>\n\u2022 Distribuci\u00f3n eficiente.<br \/>\n\u2022 PicKing-Up.<br \/>\n\u2022 Consolidaci\u00f3n y desconsolidaci\u00f3n de cargas.<br \/>\n\u2022 Armado de promociones.<br \/>\n\u2022 Atenci\u00f3n a Distribuidores.<br \/>\n\u2022 Administraci\u00f3n de inventario.<br \/>\n\u2022 Control de la Gesti\u00f3n Operativa.<br \/>\n\u2022 Transporte Fletcor S.A. y repartos propios.<br \/>\n\u2022 Dep\u00f3sito totalmente palletizado con estanter\u00edas penetrables y frontales.<br \/>\n\u2022 Areas determinadas para cada empresa que facilitan el control de inventarios para auditores externos.<\/p>\n<h3><strong>DISPONIBILIDAD<\/strong><\/h3>\n<p><strong class=\"txt10\">UBICACION DE LAS OFICINAS COMERCIALES<\/strong><br \/>\n\u2022 Papelera.<br \/>\nOncativo 968 \/ 972<br \/>\nTel\/Fax: 0351-4222261 (rotativa)<br \/>\ne-mail: <a href=\"mailto:papelera@fboixados.com.ar\">papelera@fboixados.com.ar<\/a> - C\u00f3rdoba - Argentina<\/p>\n<p>\u2022 Representaciones.<br \/>\nCamino a Chacra de la Merced km 3 y \u00bd<br \/>\nTel: 0351-4962100 (rotativa) \u2013 4961011 \u2013 4962078 \/ Fax: 0351-4961474<br \/>\ne-mail: <a href=\"mailto:fboixados@fboixados.com.ar\">fboixados@fboixados.com.ar<\/a> - C\u00f3rdoba - Argentina<\/p>\n<h3><strong>UBICACION DEL CENTRO DE DISTRIBUCION<\/strong><\/h3>\n<p>Acceso por Chacra de la Merced .<br \/>\nPoseemos tierras colindantes para tener acceso a la Ruta 19.<br \/>\nNuestro dep\u00f3sito se encuentra a 100 metros de la Avenida Circunvalaci\u00f3n, a 200 metros de ingreso a la Av. Costanera y aproximadamente 800 metros de autopista Pilar (Ruta 9). Contando as\u00ed, con un r\u00e1pido ingreso a la ciudad.<br \/>\n<strong>Cumplimos con las Ordenanzas N* 8643\/91 sobre ubicaci\u00f3n para dep\u00f3sitos con movimientos de veh\u00edculos de gran porte.<\/strong><\/p>\n<\/div>\n<\/div><\/div><\/div><div id=\"pgc-5852-1-1\"  class=\"panel-grid-cell\" ><div id=\"panel-5852-1-1-0\" class=\"so-panel widget widget_text panel-first-child panel-last-child\" data-index=\"2\" >\t\t\t<div class=\"textwidget\"><iframe src=\"https:\/\/www.google.com\/maps\/embed?pb=!1m18!1m12!1m3!1d8098.215727794512!2d-64.06963112378529!3d-31.417424202747455!2m3!1f0!2f0!3f0!3m2!1i1024!2i768!4f13.1!3m3!1m2!1s0x9432be87119babb9%3A0xc54fa9558547efc6!2sCamino+Chacra+de+la+Merced%2C+C%C3%B3rdoba!5e0!3m2!1ses!2sar!4v1476238997688\" frameborder=\"0\" style=\"border:0\" allowfullscreen><\/iframe><\/div>\n\t\t<\/div><\/div><\/div><\/div><\/div>","protected":false},"excerpt":{"rendered":"<p>Nuestra estrategia, se ha convertido en una obsesi\u00f3n por siempre&#8230;\u00bbllegar a tiempo\u00bb&#8230; Es nuestro objetivo que tanto los procesos de planificaci\u00f3n como los de implementaci\u00f3n y control, est\u00e9n dise\u00f1ados para ser eficientes y econ\u00f3micos en el flujo y almacenaje de productos. Para ello contamos con informaci\u00f3n \u00abon line\u00bb en lugar de origen y hasta la&hellip;<\/p>\n","protected":false},"author":1,"featured_media":0,"parent":0,"menu_order":0,"comment_status":"closed","ping_status":"closed","template":"","meta":{"footnotes":""},"class_list":["entry","author-admin","post-5852","page","type-page","status-publish","no-post-thumbnail"],"_links":{"self":[{"href":"http:\/\/www.fboixados.com.ar\/web\/wp-json\/wp\/v2\/pages\/5852","targetHints":{"allow":["GET"]}}],"collection":[{"href":"http:\/\/www.fboixados.com.ar\/web\/wp-json\/wp\/v2\/pages"}],"about":[{"href":"http:\/\/www.fboixados.com.ar\/web\/wp-json\/wp\/v2\/types\/page"}],"author":[{"embeddable":true,"href":"http:\/\/www.fboixados.com.ar\/web\/wp-json\/wp\/v2\/users\/1"}],"replies":[{"embeddable":true,"href":"http:\/\/www.fboixados.com.ar\/web\/wp-json\/wp\/v2\/comments?post=5852"}],"version-history":[{"count":5,"href":"http:\/\/www.fboixados.com.ar\/web\/wp-json\/wp\/v2\/pages\/5852\/revisions"}],"predecessor-version":[{"id":7647,"href":"http:\/\/www.fboixados.com.ar\/web\/wp-json\/wp\/v2\/pages\/5852\/revisions\/7647"}],"wp:attachment":[{"href":"http:\/\/www.fboixados.com.ar\/web\/wp-json\/wp\/v2\/media?parent=5852"}],"curies":[{"name":"wp","href":"https:\/\/api.w.org\/{rel}","templated":true}]}}