{"id":10708,"date":"2023-11-10T12:49:50","date_gmt":"2023-11-10T12:49:50","guid":{"rendered":"http:\/\/www.fboixados.com.ar\/web\/?post_type=product&#038;p=10708"},"modified":"2023-11-22T18:32:19","modified_gmt":"2023-11-22T18:32:19","slug":"__trashed-23","status":"publish","type":"product","link":"http:\/\/www.fboixados.com.ar\/web\/producto\/__trashed-23\/","title":{"rendered":"Aceitunas Negras Con Carozo Frasco"},"content":{"rendered":"<h3>Caracter\u00edsticas Destacadas:<\/h3>\n<table style=\"width: 653px;\">\n<tbody>\n<tr style=\"height: 65.9479px;\">\n<td style=\"height: 65.9479px; width: 304.976px;\">\n<h4>Tipo de Producto<\/h4>\n<\/td>\n<td style=\"height: 65.9479px; width: 346.024px;\">\n<h4>Aceitunas Rellenas La Toscana<\/h4>\n<\/td>\n<\/tr>\n<tr style=\"height: 62px;\">\n<td style=\"height: 62px; width: 304.976px;\">\n<h4>Contenido<\/h4>\n<\/td>\n<td style=\"height: 62px; width: 346.024px;\">\n<h4>330gr\/200gr<\/h4>\n<\/td>\n<\/tr>\n<tr style=\"height: 63px;\">\n<td style=\"height: 63px; width: 304.976px;\">\n<h4>Envase<\/h4>\n<\/td>\n<td style=\"height: 63px; width: 346.024px;\">\n<h4>Frasco<\/h4>\n<\/td>\n<\/tr>\n<tr style=\"height: 66px;\">\n<td style=\"height: 66px; width: 304.976px;\">\n<h4>Ingredientes<\/h4>\n<\/td>\n<td style=\"height: 66px; width: 346.024px;\">\n<h4>Aceitunas Negras, agua, sal, pimiento morr\u00f3n, aci ins 270 \u00e1cido l\u00e1ctico, aci ins 330 \u00e1cido c\u00edtrico<\/h4>\n<\/td>\n<\/tr>\n<\/tbody>\n<\/table>\n","protected":false},"excerpt":{"rendered":"<p>Caracter\u00edsticas Destacadas: Tipo de Producto Aceitunas Rellenas La Toscana Contenido 330gr\/200gr Envase Frasco Ingredientes Aceitunas Negras, agua, sal, pimiento morr\u00f3n, aci ins 270 \u00e1cido l\u00e1ctico, aci ins 330 \u00e1cido c\u00edtrico<\/p>\n","protected":false},"featured_media":10973,"comment_status":"open","ping_status":"closed","template":"","meta":[],"product_brand":[],"product_cat":[250,247],"product_tag":[],"class_list":{"0":"entry","1":"author-admin","2":"post-10708","3":"product","4":"type-product","5":"status-publish","6":"has-post-thumbnail","7":"product_cat-aceitunas-la-toscana","8":"product_cat-la-toscana","11":"first","12":"instock","13":"taxable","14":"shipping-taxable","15":"product-type-simple"},"_links":{"self":[{"href":"http:\/\/www.fboixados.com.ar\/web\/wp-json\/wp\/v2\/product\/10708","targetHints":{"allow":["GET"]}}],"collection":[{"href":"http:\/\/www.fboixados.com.ar\/web\/wp-json\/wp\/v2\/product"}],"about":[{"href":"http:\/\/www.fboixados.com.ar\/web\/wp-json\/wp\/v2\/types\/product"}],"replies":[{"embeddable":true,"href":"http:\/\/www.fboixados.com.ar\/web\/wp-json\/wp\/v2\/comments?post=10708"}],"wp:featuredmedia":[{"embeddable":true,"href":"http:\/\/www.fboixados.com.ar\/web\/wp-json\/wp\/v2\/media\/10973"}],"wp:attachment":[{"href":"http:\/\/www.fboixados.com.ar\/web\/wp-json\/wp\/v2\/media?parent=10708"}],"wp:term":[{"taxonomy":"product_brand","embeddable":true,"href":"http:\/\/www.fboixados.com.ar\/web\/wp-json\/wp\/v2\/product_brand?post=10708"},{"taxonomy":"product_cat","embeddable":true,"href":"http:\/\/www.fboixados.com.ar\/web\/wp-json\/wp\/v2\/product_cat?post=10708"},{"taxonomy":"product_tag","embeddable":true,"href":"http:\/\/www.fboixados.com.ar\/web\/wp-json\/wp\/v2\/product_tag?post=10708"}],"curies":[{"name":"wp","href":"https:\/\/api.w.org\/{rel}","templated":true}]}}